{"id":836,"date":"2017-02-03T13:19:45","date_gmt":"2017-02-03T13:19:45","guid":{"rendered":"http:\/\/www.nicdarkthemes.com\/themes\/beauty\/wp\/demo\/beauty-salon\/?page_id=836"},"modified":"2024-05-02T17:00:48","modified_gmt":"2024-05-02T15:00:48","slug":"estetica-avanzada","status":"publish","type":"page","link":"https:\/\/trinijurado.com\/eus\/estetica-avanzada\/","title":{"rendered":"Naturo Est\u00e9tica"},"content":{"rendered":"<div class=\"wpb-content-wrapper\"><div class=\"vc_row wpb_row vc_row-fluid vc_custom_1485790529267\"><div class=\"wpb_column vc_column_container vc_col-sm-12\"><div class=\"vc_column-inner vc_custom_1486118015473\"><div class=\"wpb_wrapper\">\n\t<div class=\"wpb_text_column wpb_content_element\" >\n\t\t<div class=\"wpb_wrapper\">\n\t\t\t<h2 style=\"text-align: center;\"><strong>NUESTROS TRATAMIENTOS<\/strong><\/h2>\n\n\t\t<\/div>\n\t<\/div>\n<div class=\"vc_empty_space\"   style=\"height: 20px\"><span class=\"vc_empty_space_inner\"><\/span><\/div><!--START MASONRY--><div class=\"nd_options_section nd_options_masonry_content\">\n\n\t<div class=\"nd_options_width_33_percentage nd_options_float_left nd_options_padding_15 nd_options_box_sizing_border_box nd_options_masonry_item nd_options_width_100_percentage_responsive\">\n\n        <div class=\"nd_options_section nd_options_text_align_center\">\n            \n        \t<img decoding=\"async\" alt=\"\" class=\"nd_options_section\" src=\"https:\/\/trinijurado.com\/wp-content\/uploads\/2017\/01\/SKIN_DIAGNOSIS.jpg\">\n\n            <div class=\"nd_options_section nd_options_height_30\"><\/div>                \n            <h5 class=\"nd_options_text_transform_uppercase nd_options_color_grey nd_options_font_size_12 nd_options_font_weight_lighter nd_options_second_font nd_options_letter_spacing_3\">Est\u00e9tica mixta<\/h5>\n            <div class=\"nd_options_section nd_options_height_10\"><\/div>\n            <h2>Skin Diagnosis System<\/h2>\n            <p class=\"nd_options_padding_20\">Skin Diagnosis System permite ver y medir los distintos par\u00e1metros de la piel. Grasa, queratinizaci\u00f3n, tama\u00f1o del poro, profundidad de las arrugas, hidrataci\u00f3n, estructura, etc.<\/p>\n            <div class=\"nd_options_display_inline_block\">\n\n                <div class=\"nd_options_display_table_cell nd_options_vertical_align_middle\">\n                \t<a style=\"background-color: #82d1d4\" class=\"nd_options_display_inline_block nd_options_font_size_13 nd_options_text_align_center nd_options_box_sizing_border_box  nd_options_color_white nd_options_first_font nd_options_padding_8_12 nd_options_border_radius_20\" href=\"https:\/\/trinijurado.com\/eus\/rejuvenecimiento-laser-system-ipl-technology\/\">READ MORE<\/a>\n                <\/div>\n\n            <\/div>\n\n            <div class=\"nd_options_section nd_options_height_20\"><\/div>\n        <\/div>\n\t \n\t<\/div>\n\n\n  \n\n\t<div class=\"nd_options_width_33_percentage nd_options_float_left nd_options_padding_15 nd_options_box_sizing_border_box nd_options_masonry_item nd_options_width_100_percentage_responsive\">\n\n        <div class=\"nd_options_section nd_options_text_align_center\">\n            \n        \t<img decoding=\"async\" alt=\"\" class=\"nd_options_section\" src=\"https:\/\/trinijurado.com\/wp-content\/uploads\/2017\/01\/treatment-5.jpg\">\n\n            <div class=\"nd_options_section nd_options_height_30\"><\/div>                \n            <h5 class=\"nd_options_text_transform_uppercase nd_options_color_grey nd_options_font_size_12 nd_options_font_weight_lighter nd_options_second_font nd_options_letter_spacing_3\">Est\u00e9tica mixta<\/h5>\n            <div class=\"nd_options_section nd_options_height_10\"><\/div>\n            <h2>Carta de Tratamientos Faciales y Corporales<\/h2>\n            <p class=\"nd_options_padding_20\"><\/p>\n            <div class=\"nd_options_display_inline_block\">\n\n                <div class=\"nd_options_display_table_cell nd_options_vertical_align_middle\">\n                \t<a style=\"background-color: #000\" class=\"nd_options_display_inline_block nd_options_font_size_13 nd_options_text_align_center nd_options_box_sizing_border_box  nd_options_color_white nd_options_first_font nd_options_padding_8_12 nd_options_border_radius_20\" href=\"https:\/\/trinijurado.com\/eus\/carta-de-tratamientos-corporales\/\">READ MORE<\/a>\n                <\/div>\n\n            <\/div>\n\n            <div class=\"nd_options_section nd_options_height_20\"><\/div>\n        <\/div>\n\t \n\t<\/div>\n\n\n  \n\n\t<div class=\"nd_options_width_33_percentage nd_options_float_left nd_options_padding_15 nd_options_box_sizing_border_box nd_options_masonry_item nd_options_width_100_percentage_responsive\">\n\n        <div class=\"nd_options_section nd_options_text_align_center\">\n            \n        \t<img decoding=\"async\" alt=\"\" class=\"nd_options_section\" src=\"https:\/\/trinijurado.com\/wp-content\/uploads\/2017\/06\/PRESOTORAPIA_1.jpg\">\n\n            <div class=\"nd_options_section nd_options_height_30\"><\/div>                \n            <h5 class=\"nd_options_text_transform_uppercase nd_options_color_grey nd_options_font_size_12 nd_options_font_weight_lighter nd_options_second_font nd_options_letter_spacing_3\">Est\u00e9tica mixta<\/h5>\n            <div class=\"nd_options_section nd_options_height_10\"><\/div>\n            <h2>Presoterapia Lymphadrain<\/h2>\n            <p class=\"nd_options_padding_20\">Lymphadrain de Oetre es un aparato innovador que incorpora tecnolog\u00eda multifuncional. Este sistema permite mejorar los sistemas linf\u00e1tico y circulatorio del cuerpo ayudando a reducir la celulitis, la piel naranja y la grasa acumulada.<\/p>\n            <div class=\"nd_options_display_inline_block\">\n\n                <div class=\"nd_options_display_table_cell nd_options_vertical_align_middle\">\n                \t<a style=\"background-color: #56b9bd\" class=\"nd_options_display_inline_block nd_options_font_size_13 nd_options_text_align_center nd_options_box_sizing_border_box  nd_options_color_white nd_options_first_font nd_options_padding_8_12 nd_options_border_radius_20\" href=\"https:\/\/trinijurado.com\/eus\/presoterapia-lymphadrain\/\">READ MORE<\/a>\n                <\/div>\n\n            <\/div>\n\n            <div class=\"nd_options_section nd_options_height_20\"><\/div>\n        <\/div>\n\t \n\t<\/div>\n\n\n  \n\n\t<div class=\"nd_options_width_33_percentage nd_options_float_left nd_options_padding_15 nd_options_box_sizing_border_box nd_options_masonry_item nd_options_width_100_percentage_responsive\">\n\n        <div class=\"nd_options_section nd_options_text_align_center\">\n            \n        \t<img decoding=\"async\" alt=\"\" class=\"nd_options_section\" src=\"https:\/\/trinijurado.com\/wp-content\/uploads\/2020\/11\/trini-jurado-tratamiento-avanzado-capsula-bdr-740.jpg\">\n\n            <div class=\"nd_options_section nd_options_height_30\"><\/div>                \n            <h5 class=\"nd_options_text_transform_uppercase nd_options_color_grey nd_options_font_size_12 nd_options_font_weight_lighter nd_options_second_font nd_options_letter_spacing_3\">Est\u00e9tica mixta<\/h5>\n            <div class=\"nd_options_section nd_options_height_10\"><\/div>\n            <h2><\/h2>\n            <p class=\"nd_options_padding_20\">La C\u00e1psula del Tiempo es una soluci\u00f3n a las arrugas e imperfecciones de la piel con resultados inmediatos, que combina lo \u00faltimo en dermac\u00e9utica y tecnolog\u00eda de precisi\u00f3n alemana. <\/p>\n            <div class=\"nd_options_display_inline_block\">\n\n                <div class=\"nd_options_display_table_cell nd_options_vertical_align_middle\">\n                \t<a style=\"background-color: #82d1d4\" class=\"nd_options_display_inline_block nd_options_font_size_13 nd_options_text_align_center nd_options_box_sizing_border_box  nd_options_color_white nd_options_first_font nd_options_padding_8_12 nd_options_border_radius_20\" href=\"https:\/\/trinijurado.com\/eus\/capsula-bdr\/\">READ MORE<\/a>\n                <\/div>\n\n            <\/div>\n\n            <div class=\"nd_options_section nd_options_height_20\"><\/div>\n        <\/div>\n\t \n\t<\/div>\n\n\n  <\/div><!--CLOSE MASONRY--><div class=\"vc_separator wpb_content_element vc_separator_align_center vc_sep_width_100 vc_sep_pos_align_center vc_separator_no_text vc_sep_color_grey wpb_content_element  wpb_content_element\" ><span class=\"vc_sep_holder vc_sep_holder_l\"><span class=\"vc_sep_line\"><\/span><\/span><span class=\"vc_sep_holder vc_sep_holder_r\"><span class=\"vc_sep_line\"><\/span><\/span>\n<\/div><div class=\"vc_empty_space\"   style=\"height: 20px\"><span class=\"vc_empty_space_inner\"><\/span><\/div><\/div><\/div><\/div><\/div><section class=\"vc_section\"><div class=\"vc_row wpb_row vc_row-fluid\"><div class=\"wpb_column vc_column_container vc_col-sm-12 vc_hidden-md vc_hidden-sm vc_col-xs-1 vc_hidden-xs\"><div class=\"vc_column-inner vc_custom_1714661460746\"><div class=\"wpb_wrapper\">\n    <div style=\"text-align:center\" class=\"nd_options_section\">\n      <img decoding=\"async\" alt=\"\" style=\"width:45%\" class=\"nd_options_margin_0 nd_options_padding_0\" src=\"https:\/\/trinijurado.com\/wp-content\/uploads\/2024\/04\/kit-digital-logo-removebg-preview-1024x147.png\">\n    <\/div>\n   <\/div><\/div><\/div><\/div><div class=\"vc_row wpb_row vc_row-fluid\"><div class=\"wpb_column vc_column_container vc_col-sm-12 vc_hidden-lg vc_hidden-md vc_hidden-sm vc_col-xs-12\"><div class=\"vc_column-inner vc_custom_1714661629161\"><div class=\"wpb_wrapper\">\n    <div style=\"text-align:center\" class=\"nd_options_section\">\n      <img decoding=\"async\" alt=\"\" style=\"width:100%\" class=\"nd_options_margin_0 nd_options_padding_0\" src=\"https:\/\/trinijurado.com\/wp-content\/uploads\/2024\/04\/kit-digital-logo-removebg-preview-1024x147.png\">\n    <\/div>\n   <\/div><\/div><\/div><\/div><\/section>\n<\/div>","protected":false},"excerpt":{"rendered":"\u00bfQu\u00e9 es bdr? La C\u00e1psula del Tiempo es una soluci\u00f3n a las arrugas e imperfecciones de la piel con resultados inmediatos, que combina lo \u00faltimo en dermac\u00e9utica y tecnolog\u00eda de precisi\u00f3n alemana. El tratamiento solo est\u00e1 disponible en los centros de belleza m\u00e1s exclusivos, donde se realiza un diagn\u00f3stico previo por profesionales acreditadas para personalizar [...]","protected":false},"author":1,"featured_media":0,"parent":0,"menu_order":0,"comment_status":"closed","ping_status":"closed","template":"","meta":{"footnotes":""},"class_list":["post-836","page","type-page","status-publish","hentry"],"_links":{"self":[{"href":"https:\/\/trinijurado.com\/eus\/wp-json\/wp\/v2\/pages\/836","targetHints":{"allow":["GET"]}}],"collection":[{"href":"https:\/\/trinijurado.com\/eus\/wp-json\/wp\/v2\/pages"}],"about":[{"href":"https:\/\/trinijurado.com\/eus\/wp-json\/wp\/v2\/types\/page"}],"author":[{"embeddable":true,"href":"https:\/\/trinijurado.com\/eus\/wp-json\/wp\/v2\/users\/1"}],"replies":[{"embeddable":true,"href":"https:\/\/trinijurado.com\/eus\/wp-json\/wp\/v2\/comments?post=836"}],"version-history":[{"count":38,"href":"https:\/\/trinijurado.com\/eus\/wp-json\/wp\/v2\/pages\/836\/revisions"}],"predecessor-version":[{"id":2760,"href":"https:\/\/trinijurado.com\/eus\/wp-json\/wp\/v2\/pages\/836\/revisions\/2760"}],"wp:attachment":[{"href":"https:\/\/trinijurado.com\/eus\/wp-json\/wp\/v2\/media?parent=836"}],"curies":[{"name":"wp","href":"https:\/\/api.w.org\/{rel}","templated":true}]}}