{"id":811,"date":"2017-02-03T10:58:49","date_gmt":"2017-02-03T09:58:49","guid":{"rendered":"http:\/\/www.nicdarkthemes.com\/themes\/beauty\/wp\/demo\/beauty-salon\/?page_id=811"},"modified":"2024-05-02T17:01:50","modified_gmt":"2024-05-02T15:01:50","slug":"promociones","status":"publish","type":"page","link":"https:\/\/trinijurado.com\/eus\/promociones\/","title":{"rendered":"Promociones"},"content":{"rendered":"<div class=\"wpb-content-wrapper\"><div class=\"vc_row wpb_row vc_row-fluid\"><div class=\"wpb_column vc_column_container vc_col-sm-12\"><div class=\"vc_column-inner\"><div class=\"wpb_wrapper\">\n\t<div class=\"wpb_text_column wpb_content_element\" >\n\t\t<div class=\"wpb_wrapper\">\n\t\t\t\n\t\t<\/div>\n\t<\/div>\n<div style=\"background-color:;height: 20px\" class=\"nicdark_section\"><\/div><div class=\"vc_row wpb_row vc_inner vc_row-fluid\"><div class=\"wpb_column vc_column_container vc_col-sm-4\"><div class=\"vc_column-inner\"><div class=\"wpb_wrapper\"><div style=\"background-color:;height: 20px\" class=\"nicdark_section\"><\/div>\n    <div class=\"nd_options_list_component_l1 nd_options_section nd_options_position_relative\">\n\n        \n        \n        <div class=\"nd_options_section nd_options_height_15\"><\/div>\n        <div class=\"nd_options_section nd_options_position_relative\">\n            <div class=\"nd_options_position_absolute nd_options_height_3 nd_options_width_100_percentage nd_options_bottom_2 nd_options_border_bottom_2_dotted_grey\"><\/div>\n            <h4 class=\"nd_options_bg_white nd_options_float_left nd_options_position_relative nd_options_padding_right_10\"><strong>LASER<\/strong><\/h4>\n            <h4 class=\"nd_options_bg_white nd_options_float_right nd_options_position_relative nd_options_padding_left_10\"><strong><\/strong><\/h4>\n        <\/div>\n        <div class=\"nd_options_section nd_options_height_10\"><\/div>\n        <div class=\"nd_options_section\">\n            <p class=\"nd_options_font_weight_lighter nd_options_float_left\"><\/p>\n            <p style=\"background-color:#ffffff\" class=\"nd_options_color_white nd_options_display_inline_block nd_options_first_font nd_options_padding_5_10 nd_options_border_radius_15 nd_options_float_right nd_options_font_size_13\"><\/p>\n        <\/div>\n    <\/div>\n  <div style=\"background-color:;height: 10px\" class=\"nicdark_section\"><\/div>\n    <div class=\"nd_options_list_component_l1 nd_options_section nd_options_position_relative\">\n\n        \n        \n        <div class=\"nd_options_section nd_options_height_15\"><\/div>\n        <div class=\"nd_options_section nd_options_position_relative\">\n            <div class=\"nd_options_position_absolute nd_options_height_3 nd_options_width_100_percentage nd_options_bottom_2 nd_options_border_bottom_2_dotted_grey\"><\/div>\n            <h4 class=\"nd_options_bg_white nd_options_float_left nd_options_position_relative nd_options_padding_right_10\"><strong>BONO 6 Sesiones +1<\/strong><\/h4>\n            <h4 class=\"nd_options_bg_white nd_options_float_right nd_options_position_relative nd_options_padding_left_10\"><strong><\/strong><\/h4>\n        <\/div>\n        <div class=\"nd_options_section nd_options_height_10\"><\/div>\n        <div class=\"nd_options_section\">\n            <p class=\"nd_options_font_weight_lighter nd_options_float_left\"><\/p>\n            <p style=\"background-color:#ffffff\" class=\"nd_options_color_white nd_options_display_inline_block nd_options_first_font nd_options_padding_5_10 nd_options_border_radius_15 nd_options_float_right nd_options_font_size_13\"><\/p>\n        <\/div>\n    <\/div>\n  \n    <div class=\"nd_options_list_component_l1 nd_options_section nd_options_position_relative\">\n\n        \n        \n        <div class=\"nd_options_section nd_options_height_15\"><\/div>\n        <div class=\"nd_options_section nd_options_position_relative\">\n            <div class=\"nd_options_position_absolute nd_options_height_3 nd_options_width_100_percentage nd_options_bottom_2 nd_options_border_bottom_2_dotted_grey\"><\/div>\n            <h4 class=\"nd_options_bg_white nd_options_float_left nd_options_position_relative nd_options_padding_right_10\"><strong>BONO 12 Sesiones + 3<\/strong><\/h4>\n            <h4 class=\"nd_options_bg_white nd_options_float_right nd_options_position_relative nd_options_padding_left_10\"><strong><\/strong><\/h4>\n        <\/div>\n        <div class=\"nd_options_section nd_options_height_10\"><\/div>\n        <div class=\"nd_options_section\">\n            <p class=\"nd_options_font_weight_lighter nd_options_float_left\"><\/p>\n            <p style=\"background-color:#ffffff\" class=\"nd_options_color_white nd_options_display_inline_block nd_options_first_font nd_options_padding_5_10 nd_options_border_radius_15 nd_options_float_right nd_options_font_size_13\"><\/p>\n        <\/div>\n    <\/div>\n  <\/div><\/div><\/div><div class=\"wpb_column vc_column_container vc_col-sm-4\"><div class=\"vc_column-inner\"><div class=\"wpb_wrapper\"><div style=\"background-color:;height: 20px\" class=\"nicdark_section\"><\/div>\n    <div class=\"nd_options_list_component_l1 nd_options_section nd_options_position_relative\">\n\n        \n        \n        <div class=\"nd_options_section nd_options_height_15\"><\/div>\n        <div class=\"nd_options_section nd_options_position_relative\">\n            <div class=\"nd_options_position_absolute nd_options_height_3 nd_options_width_100_percentage nd_options_bottom_2 nd_options_border_bottom_2_dotted_grey\"><\/div>\n            <h4 class=\"nd_options_bg_white nd_options_float_left nd_options_position_relative nd_options_padding_right_10\"><strong>RODIOFRECUENCIA<\/strong><\/h4>\n            <h4 class=\"nd_options_bg_white nd_options_float_right nd_options_position_relative nd_options_padding_left_10\"><strong><\/strong><\/h4>\n        <\/div>\n        <div class=\"nd_options_section nd_options_height_10\"><\/div>\n        <div class=\"nd_options_section\">\n            <p class=\"nd_options_font_weight_lighter nd_options_float_left\"><\/p>\n            <p style=\"background-color:#ffffff\" class=\"nd_options_color_white nd_options_display_inline_block nd_options_first_font nd_options_padding_5_10 nd_options_border_radius_15 nd_options_float_right nd_options_font_size_13\"><\/p>\n        <\/div>\n    <\/div>\n  <div style=\"background-color:;height: 10px\" class=\"nicdark_section\"><\/div>\n    <div class=\"nd_options_list_component_l1 nd_options_section nd_options_position_relative\">\n\n        \n        \n        <div class=\"nd_options_section nd_options_height_15\"><\/div>\n        <div class=\"nd_options_section nd_options_position_relative\">\n            <div class=\"nd_options_position_absolute nd_options_height_3 nd_options_width_100_percentage nd_options_bottom_2 nd_options_border_bottom_2_dotted_grey\"><\/div>\n            <h4 class=\"nd_options_bg_white nd_options_float_left nd_options_position_relative nd_options_padding_right_10\"><strong>BONO 6 Sesiones +1<\/strong><\/h4>\n            <h4 class=\"nd_options_bg_white nd_options_float_right nd_options_position_relative nd_options_padding_left_10\"><strong><\/strong><\/h4>\n        <\/div>\n        <div class=\"nd_options_section nd_options_height_10\"><\/div>\n        <div class=\"nd_options_section\">\n            <p class=\"nd_options_font_weight_lighter nd_options_float_left\"><\/p>\n            <p style=\"background-color:#ffffff\" class=\"nd_options_color_white nd_options_display_inline_block nd_options_first_font nd_options_padding_5_10 nd_options_border_radius_15 nd_options_float_right nd_options_font_size_13\"><\/p>\n        <\/div>\n    <\/div>\n  \n    <div class=\"nd_options_list_component_l1 nd_options_section nd_options_position_relative\">\n\n        \n        \n        <div class=\"nd_options_section nd_options_height_15\"><\/div>\n        <div class=\"nd_options_section nd_options_position_relative\">\n            <div class=\"nd_options_position_absolute nd_options_height_3 nd_options_width_100_percentage nd_options_bottom_2 nd_options_border_bottom_2_dotted_grey\"><\/div>\n            <h4 class=\"nd_options_bg_white nd_options_float_left nd_options_position_relative nd_options_padding_right_10\"><strong>BONO 12 Sesiones + 3<\/strong><\/h4>\n            <h4 class=\"nd_options_bg_white nd_options_float_right nd_options_position_relative nd_options_padding_left_10\"><strong><\/strong><\/h4>\n        <\/div>\n        <div class=\"nd_options_section nd_options_height_10\"><\/div>\n        <div class=\"nd_options_section\">\n            <p class=\"nd_options_font_weight_lighter nd_options_float_left\"><\/p>\n            <p style=\"background-color:#ffffff\" class=\"nd_options_color_white nd_options_display_inline_block nd_options_first_font nd_options_padding_5_10 nd_options_border_radius_15 nd_options_float_right nd_options_font_size_13\"><\/p>\n        <\/div>\n    <\/div>\n  <\/div><\/div><\/div><div class=\"wpb_column vc_column_container vc_col-sm-4\"><div class=\"vc_column-inner\"><div class=\"wpb_wrapper\"><div style=\"background-color:;height: 20px\" class=\"nicdark_section\"><\/div>\n    <div class=\"nd_options_list_component_l1 nd_options_section nd_options_position_relative\">\n\n        \n        \n        <div class=\"nd_options_section nd_options_height_15\"><\/div>\n        <div class=\"nd_options_section nd_options_position_relative\">\n            <div class=\"nd_options_position_absolute nd_options_height_3 nd_options_width_100_percentage nd_options_bottom_2 nd_options_border_bottom_2_dotted_grey\"><\/div>\n            <h4 class=\"nd_options_bg_white nd_options_float_left nd_options_position_relative nd_options_padding_right_10\"><strong>BIOCOSM\u00c9TICA<\/strong><\/h4>\n            <h4 class=\"nd_options_bg_white nd_options_float_right nd_options_position_relative nd_options_padding_left_10\"><strong><\/strong><\/h4>\n        <\/div>\n        <div class=\"nd_options_section nd_options_height_10\"><\/div>\n        <div class=\"nd_options_section\">\n            <p class=\"nd_options_font_weight_lighter nd_options_float_left\"><\/p>\n            <p style=\"background-color:#ffffff\" class=\"nd_options_color_white nd_options_display_inline_block nd_options_first_font nd_options_padding_5_10 nd_options_border_radius_15 nd_options_float_right nd_options_font_size_13\"><\/p>\n        <\/div>\n    <\/div>\n  <div style=\"background-color:;height: 10px\" class=\"nicdark_section\"><\/div>\n    <div class=\"nd_options_list_component_l1 nd_options_section nd_options_position_relative\">\n\n        \n        \n        <div class=\"nd_options_section nd_options_height_15\"><\/div>\n        <div class=\"nd_options_section nd_options_position_relative\">\n            <div class=\"nd_options_position_absolute nd_options_height_3 nd_options_width_100_percentage nd_options_bottom_2 nd_options_border_bottom_2_dotted_grey\"><\/div>\n            <h4 class=\"nd_options_bg_white nd_options_float_left nd_options_position_relative nd_options_padding_right_10\"><strong>BONO 6 Sesiones +1<\/strong><\/h4>\n            <h4 class=\"nd_options_bg_white nd_options_float_right nd_options_position_relative nd_options_padding_left_10\"><strong><\/strong><\/h4>\n        <\/div>\n        <div class=\"nd_options_section nd_options_height_10\"><\/div>\n        <div class=\"nd_options_section\">\n            <p class=\"nd_options_font_weight_lighter nd_options_float_left\"><\/p>\n            <p style=\"background-color:#ffffff\" class=\"nd_options_color_white nd_options_display_inline_block nd_options_first_font nd_options_padding_5_10 nd_options_border_radius_15 nd_options_float_right nd_options_font_size_13\"><\/p>\n        <\/div>\n    <\/div>\n  \n    <div class=\"nd_options_list_component_l1 nd_options_section nd_options_position_relative\">\n\n        \n        \n        <div class=\"nd_options_section nd_options_height_15\"><\/div>\n        <div class=\"nd_options_section nd_options_position_relative\">\n            <div class=\"nd_options_position_absolute nd_options_height_3 nd_options_width_100_percentage nd_options_bottom_2 nd_options_border_bottom_2_dotted_grey\"><\/div>\n            <h4 class=\"nd_options_bg_white nd_options_float_left nd_options_position_relative nd_options_padding_right_10\"><strong>BONO 12 Sesiones + 3<\/strong><\/h4>\n            <h4 class=\"nd_options_bg_white nd_options_float_right nd_options_position_relative nd_options_padding_left_10\"><strong><\/strong><\/h4>\n        <\/div>\n        <div class=\"nd_options_section nd_options_height_10\"><\/div>\n        <div class=\"nd_options_section\">\n            <p class=\"nd_options_font_weight_lighter nd_options_float_left\"><\/p>\n            <p style=\"background-color:#ffffff\" class=\"nd_options_color_white nd_options_display_inline_block nd_options_first_font nd_options_padding_5_10 nd_options_border_radius_15 nd_options_float_right nd_options_font_size_13\"><\/p>\n        <\/div>\n    <\/div>\n  <\/div><\/div><\/div><\/div><\/div><\/div><\/div><\/div><div data-vc-full-width=\"true\" data-vc-full-width-temp=\"true\" data-vc-full-width-init=\"false\" data-vc-parallax=\"1.5\" data-vc-parallax-image=\"https:\/\/trinijurado.com\/wp-content\/uploads\/2017\/02\/treatment-6.jpg\" class=\"vc_row wpb_row vc_row-fluid nd_options_vc_parallax_filter_1_3 vc_custom_1486567332030 vc_row-has-fill vc_row-o-content-middle vc_row-flex vc_general vc_parallax vc_parallax-content-moving\"><div class=\"nd_options_text_align_center wpb_column vc_column_container vc_col-sm-6\"><div class=\"vc_column-inner vc_custom_1486120690416\"><div class=\"wpb_wrapper\"><div style=\"background-color:;height: 10px\" class=\"nicdark_section\"><\/div> <h1 style=\"color:#ffffff;padding:px;text-align:center;font-size:50px;line-height:50px;letter-spacing: px;font-weight:bold\" class=\"nd_options_first_font\">Tratamientos reductores<\/h1> <div style=\"background-color:;height: 30px\" class=\"nicdark_section\"><\/div> <p style=\"color:#ffffff;padding:px;text-align:center;font-size:18px;line-height:25px;letter-spacing: 3px;font-weight:lighter\" class=\"nd_options_second_font\">APARATOLOG\u00cdS Y MASAJE<\/p> <div style=\"background-color:;height: 30px\" class=\"nicdark_section\"><\/div> <h3 style=\"color:#ffffff;padding:px;text-align:center;font-size:30px;line-height:50px;letter-spacing: px;font-weight:bold\" class=\"nd_options_first_font\">Diagnosis gratuita<\/h3> <div style=\"background-color:;height: 10px\" class=\"nicdark_section\"><\/div><\/div><\/div><\/div><div class=\"wpb_column vc_column_container vc_col-sm-3\"><div class=\"vc_column-inner\"><div class=\"wpb_wrapper\"><div style=\"background-color:;height: 10px\" class=\"nicdark_section\"><\/div>\n\n    <!--START PRICE-->\n    <div class=\"nd_options_price_component_l4 nd_options_section nd_options_bg_white nd_options_border_radius_25\">\n                            \n        \n    <div class=\"nd_options_price_component_l4_top nd_options_price_component_l4_top_light nd_options_section nd_options_box_sizing_border_box nd_options_padding_40\">\n\n        <h5 style=\"color:#82d1d4\" class=\"nd_options_text_transform_uppercase nd_options_second_font nd_options_letter_spacing_3\"><strong>BIONUTRICI\u00d3N ADELGAZANTE<\/strong><\/h5>\n        <div class=\"nd_options_section nd_options_height_10\"><\/div>\n        <h1 class=\"nd_options_font_size_40\">Ahora65\u20ac<\/h1>\n        <div class=\"nd_options_section nd_options_height_20\"><\/div>\n        <h4 class=\"nd_options_color_grey nd_options_font_size_12 nd_options_text_transform_uppercase nd_options_letter_spacing_3 nd_options_second_font nd_options_font_weight_lighter\">Antes 85\u20ac<\/h4>\n\n    <\/div>\n\n        <div class=\"nd_options_section nd_options_price_component_l4_middle nd_options_bg_white nd_options_box_sizing_border_box nd_options_padding_0_40\">\n            \n\n        <div class=\"nicdark_border_bottom_1_solid_grey nd_options_padding_5 nd_options_section nd_options_box_sizing_border_box\">\n        <img decoding=\"async\" alt=\"\" class=\"nd_options_display_inline_block nd_options_margin_right_10\" width=\"13\" src=\"http:\/\/www.nicdarkthemes.com\/themes\/beauty\/wp\/demo\/beauty-salon\/wp-content\/uploads\/sites\/2\/2017\/02\/icon-yes-grey.png\">\n        <p style=\"font-size: 14px;color:\" class=\"nd_options_display_inline_block\"> Bono 6 Sesiones +1<\/p>\n      <\/div>\n\n      \n\n        <div class=\"nicdark_border_bottom_1_solid_grey nd_options_padding_5 nd_options_section nd_options_box_sizing_border_box\">\n        <img decoding=\"async\" alt=\"\" class=\"nd_options_display_inline_block nd_options_margin_right_10\" width=\"13\" src=\"http:\/\/www.nicdarkthemes.com\/themes\/beauty\/wp\/demo\/beauty-salon\/wp-content\/uploads\/sites\/2\/2017\/02\/icon-yes-grey.png\">\n        <p style=\"font-size: 14px;color:\" class=\"nd_options_display_inline_block\">Bono 12 Sesiones +3<\/p>\n      <\/div>\n\n      \n        <\/div>\n\n        <div class=\"nd_options_section nd_options_price_component_l4_bottom nd_options_box_sizing_border_box nd_options_padding_40\">\n\n            <a rel=\"\" style=\"background-color:#82d1d4\" class=\"nd_options_display_inline_block nd_options_color_white nd_options_first_font nd_options_padding_8_12 nd_options_border_radius_20 nd_options_font_size_13\" href=\"\"><\/a>\n\n        <\/div>\n\n    <\/div>\n    <!--END PRICE-->\n\n   <div style=\"background-color:;height: 10px\" class=\"nicdark_section\"><\/div><\/div><\/div><\/div><div class=\"wpb_column vc_column_container vc_col-sm-3\"><div class=\"vc_column-inner\"><div class=\"wpb_wrapper\"><div style=\"background-color:;height: 10px\" class=\"nicdark_section\"><\/div>\n\n    <!--START PRICE-->\n    <div class=\"nd_options_price_component_l4 nd_options_section nd_options_bg_white nd_options_border_radius_25\">\n                            \n        \n    <div style=\"background-color:#56b9bd\" class=\"nd_options_price_component_l4_top nd_options_border_radius_25_25_0_0 nd_options_section nd_options_box_sizing_border_box nd_options_padding_40\">\n\n        <h5 class=\"nd_options_text_transform_uppercase nd_options_second_font nd_options_letter_spacing_3 nd_options_color_white\"><strong>BIOLIMPIEZA CUTIS &amp; TRATAMIENTO<\/strong><\/h5>\n        <div class=\"nd_options_section nd_options_height_10\"><\/div>\n        <h1 class=\"nd_options_font_size_40 nd_options_color_white\">Ahora 55\u20ac<\/h1>\n        <div class=\"nd_options_section nd_options_height_20\"><\/div>\n        <h4 class=\"nd_options_color_white nd_options_font_size_12 nd_options_text_transform_uppercase nd_options_letter_spacing_3 nd_options_second_font nd_options_font_weight_lighter\">Antes 161\u20ac<\/h4>\n\n    <\/div>\n\n        <div class=\"nd_options_section nd_options_price_component_l4_middle nd_options_bg_white nd_options_box_sizing_border_box nd_options_padding_0_40\">\n            \n\n        <div class=\"nicdark_border_bottom_1_solid_grey nd_options_padding_5 nd_options_section nd_options_box_sizing_border_box\">\n        <img decoding=\"async\" alt=\"\" class=\"nd_options_display_inline_block nd_options_margin_right_10\" width=\"13\" src=\"http:\/\/www.nicdarkthemes.com\/themes\/beauty\/wp\/demo\/beauty-salon\/wp-content\/uploads\/sites\/2\/2017\/02\/icon-yes-grey.png\">\n        <p style=\"font-size: 14px;color:\" class=\"nd_options_display_inline_block\"> BONO 6 Sesiones +1<\/p>\n      <\/div>\n\n      \n\n        <div class=\"nicdark_border_bottom_1_solid_grey nd_options_padding_5 nd_options_section nd_options_box_sizing_border_box\">\n        <img decoding=\"async\" alt=\"\" class=\"nd_options_display_inline_block nd_options_margin_right_10\" width=\"13\" src=\"http:\/\/www.nicdarkthemes.com\/themes\/beauty\/wp\/demo\/beauty-salon\/wp-content\/uploads\/sites\/2\/2017\/02\/icon-yes-grey.png\">\n        <p style=\"font-size: 14px;color:\" class=\"nd_options_display_inline_block\">BONO 12 Sesiones +3<\/p>\n      <\/div>\n\n      \n        <\/div>\n\n        <div class=\"nd_options_section nd_options_price_component_l4_bottom nd_options_box_sizing_border_box nd_options_padding_40\">\n\n            <a rel=\"\" style=\"background-color:#56b9bd\" class=\"nd_options_display_inline_block nd_options_color_white nd_options_first_font nd_options_padding_8_12 nd_options_border_radius_20 nd_options_font_size_13\" href=\"\"><\/a>\n\n        <\/div>\n\n    <\/div>\n    <!--END PRICE-->\n\n   <div style=\"background-color:;height: 10px\" class=\"nicdark_section\"><\/div><\/div><\/div><\/div><\/div><div class=\"vc_row-full-width vc_clearfix\"><\/div><section class=\"vc_section\"><div class=\"vc_row wpb_row vc_row-fluid\"><div class=\"wpb_column vc_column_container vc_col-sm-12 vc_hidden-md vc_hidden-sm vc_col-xs-1 vc_hidden-xs\"><div class=\"vc_column-inner vc_custom_1714661460746\"><div class=\"wpb_wrapper\">\n    <div style=\"text-align:center\" class=\"nd_options_section\">\n      <img decoding=\"async\" alt=\"\" style=\"width:45%\" class=\"nd_options_margin_0 nd_options_padding_0\" src=\"https:\/\/trinijurado.com\/wp-content\/uploads\/2024\/04\/kit-digital-logo-removebg-preview-1024x147.png\">\n    <\/div>\n   <\/div><\/div><\/div><\/div><div class=\"vc_row wpb_row vc_row-fluid\"><div class=\"wpb_column vc_column_container vc_col-sm-12 vc_hidden-lg vc_hidden-md vc_hidden-sm vc_col-xs-12\"><div class=\"vc_column-inner vc_custom_1714661629161\"><div class=\"wpb_wrapper\">\n    <div style=\"text-align:center\" class=\"nd_options_section\">\n      <img decoding=\"async\" alt=\"\" style=\"width:100%\" class=\"nd_options_margin_0 nd_options_padding_0\" src=\"https:\/\/trinijurado.com\/wp-content\/uploads\/2024\/04\/kit-digital-logo-removebg-preview-1024x147.png\">\n    <\/div>\n   <\/div><\/div><\/div><\/div><\/section>\n<\/div>","protected":false},"excerpt":{"rendered":"LASER BONO 6 Sesiones +1 BONO 12 Sesiones + 3 RODIOFRECUENCIA BONO 6 Sesiones +1 BONO 12 Sesiones + 3 BIOCOSM\u00c9TICA BONO 6 Sesiones +1 BONO 12 Sesiones + 3 Tratamientos reductores APARATOLOG\u00cdS Y MASAJE Diagnosis gratuita BIONUTRICI\u00d3N ADELGAZANTE Ahora65\u20ac Antes 85\u20ac Bono 6 Sesiones +1 Bono 12 Sesiones +3 BIOLIMPIEZA CUTIS &amp; TRATAMIENTO Ahora [...]","protected":false},"author":1,"featured_media":0,"parent":0,"menu_order":0,"comment_status":"closed","ping_status":"closed","template":"","meta":{"footnotes":""},"class_list":["post-811","page","type-page","status-publish","hentry"],"_links":{"self":[{"href":"https:\/\/trinijurado.com\/eus\/wp-json\/wp\/v2\/pages\/811","targetHints":{"allow":["GET"]}}],"collection":[{"href":"https:\/\/trinijurado.com\/eus\/wp-json\/wp\/v2\/pages"}],"about":[{"href":"https:\/\/trinijurado.com\/eus\/wp-json\/wp\/v2\/types\/page"}],"author":[{"embeddable":true,"href":"https:\/\/trinijurado.com\/eus\/wp-json\/wp\/v2\/users\/1"}],"replies":[{"embeddable":true,"href":"https:\/\/trinijurado.com\/eus\/wp-json\/wp\/v2\/comments?post=811"}],"version-history":[{"count":38,"href":"https:\/\/trinijurado.com\/eus\/wp-json\/wp\/v2\/pages\/811\/revisions"}],"predecessor-version":[{"id":2762,"href":"https:\/\/trinijurado.com\/eus\/wp-json\/wp\/v2\/pages\/811\/revisions\/2762"}],"wp:attachment":[{"href":"https:\/\/trinijurado.com\/eus\/wp-json\/wp\/v2\/media?parent=811"}],"curies":[{"name":"wp","href":"https:\/\/api.w.org\/{rel}","templated":true}]}}