{"id":779,"date":"2017-02-03T09:32:32","date_gmt":"2017-02-03T09:32:32","guid":{"rendered":"http:\/\/www.nicdarkthemes.com\/themes\/beauty\/wp\/demo\/beauty-salon\/?page_id=779"},"modified":"2024-05-06T10:32:14","modified_gmt":"2024-05-06T08:32:14","slug":"conocenos","status":"publish","type":"page","link":"https:\/\/trinijurado.com\/eus\/conocenos\/","title":{"rendered":"Conocenos"},"content":{"rendered":"<div class=\"wpb-content-wrapper\"><div class=\"vc_row wpb_row vc_row-fluid\"><div class=\"wpb_column vc_column_container vc_col-sm-7\"><div class=\"vc_column-inner\"><div class=\"wpb_wrapper\"><div class=\"vc_row wpb_row vc_inner vc_row-fluid\"><div class=\"wpb_column vc_column_container vc_col-sm-12\"><div class=\"vc_column-inner\"><div class=\"wpb_wrapper\">\n\t<div class=\"wpb_text_column wpb_content_element\" >\n\t\t<div class=\"wpb_wrapper\">\n\t\t\t<p><span class=\"nicdark_font_size_70 nicdark_float_left nicdark_padding_28 nicdark_line_height_30 nd_options_first_font\"><strong>C<\/strong><\/span>on m\u00e1s de 15 a\u00f1os de trayectoria profesional en el campo de la Est\u00e9tica y 25 en el de Terapias de Masajes Terap\u00e9utico, Deportivo, Drenaje Linf\u00e1tico y Anti-estres,\u00a0 TRINI JURADO, ha ido adquiriendo conocimientos que le han llevado a valorar, entre otras cosas, la importancia del Equilibrio de la Salud F\u00edsica y Mental, dando m\u00e1s sentido a\u00fan a esta profesi\u00f3n; su modo de vida.<\/p>\n\n\t\t<\/div>\n\t<\/div>\n<div style=\"background-color:;height: 20px\" class=\"nicdark_section\"><\/div>\n\t<div class=\"wpb_text_column wpb_content_element\" >\n\t\t<div class=\"wpb_wrapper\">\n\t\t\t<h3><strong>Como novedades ofrece:<\/strong><\/h3>\n\n\t\t<\/div>\n\t<\/div>\n<div style=\"background-color:;height: 20px\" class=\"nicdark_section\"><\/div>\n\t<div class=\"wpb_text_column wpb_content_element\" >\n\t\t<div class=\"wpb_wrapper\">\n\t\t\t<p>* Aparatolog\u00eda de Analisis de Diagnostico Facial totalmente gratuita. + info<\/p>\n<p>* Renovaci\u00f3n de Torre de Tratamientos y Limpiezas de cutis.<\/p>\n<p>*Presoterapia De Alta Gama Lhymphadrain: El m\u00e9todo de Drenaje Linf\u00e1tico y circulatorio m\u00e1s eficaz para Tratamientos de:<\/p>\n<p><strong>\u00b7 Grasa.<\/strong><\/p>\n<p><strong>\u00b7 Celulitis.<\/strong><\/p>\n<p><strong>\u00b7 Flacidez.<\/strong><\/p>\n<p><strong>\u00b7 Tonificaci\u00f3n +info.<\/strong><\/p>\n<p>*BIO COSMETICA NATURAL en todos sus Tratamientos Esteticos y Terapeuticos. Por conciencia y sensibilidad se ha exigido el compromiso de realizar su trabajo con <strong>productos libres de sustancias qu\u00edmicas que puedan perjudicar nuestra salud.<\/strong><\/p>\n\n\t\t<\/div>\n\t<\/div>\n<div style=\"background-color:;height: 20px\" class=\"nicdark_section\"><\/div>\n\t<div class=\"wpb_text_column wpb_content_element\" >\n\t\t<div class=\"wpb_wrapper\">\n\t\t\t<p>Vuestra fidelidad le brinda la oportunidad de poder seguir mejorando y superarse aportando d\u00eda a d\u00eda innovaci\u00f3n, mejora y progreso, as\u00ed como seguir transmitiendo sus valores de honestidad, esfuerzo de superaci\u00f3n constante y la pasi\u00f3n por su trabajo.<\/p>\n\n\t\t<\/div>\n\t<\/div>\n<\/div><\/div><\/div><\/div><div style=\"background-color:;height: 20px\" class=\"nicdark_section\"><\/div>\n\t<div class=\"wpb_text_column wpb_content_element\" >\n\t\t<div class=\"wpb_wrapper\">\n\t\t\t<p>Animamos a que navegues y consultes en los Tratamientos de Belleza Mixta Faciales y Corporales, Productos de Cosm\u00e9tica de Alta Gama, Tratamientos de L\u00e1ser para Depilaci\u00f3n, Rejuvenecimiento L\u00e1ser, Couperosis, Asesoramiento de Imagen, Terapias de Masajes, \u00daltimos Avances en Tecnolog\u00eda, etc&#8230; Te esperamos.<\/p>\n\n\t\t<\/div>\n\t<\/div>\n<div style=\"background-color:;height: 40px\" class=\"nicdark_section\"><\/div> <h2 style=\"color:;padding:px;text-align:;font-size:px;line-height:px;letter-spacing: px;font-weight:\" class=\"\">Preguntas frecuentes<\/h2> <div style=\"background-color:;height: 30px\" class=\"nicdark_section\"><\/div>\n\n    <div class=\"nd_options_section\">\n\n      <div class=\"nd_options_section nd_options_box_sizing_border_box\">\n        <p class=\"nd_options_toogle_title nd_options_first_font nd_options_font_size_17 nd_options_position_relative nd_options_padding_right_20 nd_options_padding_top_5 nd_options_padding_left_45 nd_options_padding_bottom_5\">\n          <span style=\"background-color:#ecbabe\" class=\"nd_options_cursor_pointer nd_options_text_align_center nd_options_toogle_title_open_555 nd_options_width_25 nd_options_height_25  nd_options_position_absolute nd_options_top_0 nd_options_left_0\">\n            <img decoding=\"async\" alt=\"\" class=\"nd_options_margin_top_6\" width=\"12\" src=\"https:\/\/trinijurado.com\/wp-content\/plugins\/nd-shortcodes\/shortcodes\/custom\/toogle\/icon-add-white.png\">\n          <\/span> \n          <span style=\"background-color:#ecbabe\" class=\"nd_options_cursor_pointer nd_options_text_align_center nd_options_toogle_title_close_555 nd_options_width_25 nd_options_display_none nd_options_height_25  nd_options_position_absolute nd_options_top_0 nd_options_left_0\">\n            <img decoding=\"async\" alt=\"\" class=\"nd_options_margin_top_6\" width=\"12\" src=\"https:\/\/trinijurado.com\/wp-content\/plugins\/nd-shortcodes\/shortcodes\/custom\/toogle\/icon-less-white.png\">\n          <\/span>\n          \u00bfQue ofrece nuestro centro de Naturo est\u00e9tica y terapias de masaje?\n        <\/p>\n      <\/div>\n      \n      <div class=\"nd_options_display_none nd_options_padding_20 nd_options_padding_left_45 nd_options_toogle_content_555 nd_options_section nd_options_box_sizing_border_box\">\n        <p>Nuestro Centro ofrece tanto en los Tratamientos de Est\u00e9tica como en Terapias de Masaje BIO COSMETICOS ORGANICOS CERTIFICADOS, productos libres de sustancias qu\u00edmicas que perjudiquen nuestra salud Adem\u00e1s la posibilidad de mejorar nuestros servicios combinando con APARATOLOGIA DE ALTA GAMA tanto para el Tratamiento del Dolor como para Tratamientos de Belleza y Corporales.<\/p>\n      <\/div>\n\n    <\/div>\n\n   <div style=\"background-color:;height: 30px\" class=\"nicdark_section\"><\/div>\n\n    <div class=\"nd_options_section\">\n\n      <div class=\"nd_options_section nd_options_box_sizing_border_box\">\n        <p class=\"nd_options_toogle_title nd_options_first_font nd_options_font_size_17 nd_options_position_relative nd_options_padding_right_20 nd_options_padding_top_5 nd_options_padding_left_45 nd_options_padding_bottom_5\">\n          <span style=\"background-color:#ecbabe\" class=\"nd_options_cursor_pointer nd_options_text_align_center nd_options_toogle_title_open_199 nd_options_width_25 nd_options_height_25  nd_options_position_absolute nd_options_top_0 nd_options_left_0\">\n            <img decoding=\"async\" alt=\"\" class=\"nd_options_margin_top_6\" width=\"12\" src=\"https:\/\/trinijurado.com\/wp-content\/plugins\/nd-shortcodes\/shortcodes\/custom\/toogle\/icon-add-white.png\">\n          <\/span> \n          <span style=\"background-color:#ecbabe\" class=\"nd_options_cursor_pointer nd_options_text_align_center nd_options_toogle_title_close_199 nd_options_width_25 nd_options_display_none nd_options_height_25  nd_options_position_absolute nd_options_top_0 nd_options_left_0\">\n            <img decoding=\"async\" alt=\"\" class=\"nd_options_margin_top_6\" width=\"12\" src=\"https:\/\/trinijurado.com\/wp-content\/plugins\/nd-shortcodes\/shortcodes\/custom\/toogle\/icon-less-white.png\">\n          <\/span>\n          \u00bfQue nos diferencia?\n        <\/p>\n      <\/div>\n      \n      <div class=\"nd_options_display_none nd_options_padding_20 nd_options_padding_left_45 nd_options_toogle_content_199 nd_options_section nd_options_box_sizing_border_box\">\n        <p>Lo que nos puede diferenciar de otros centros es ofreceros cercan\u00eda, profesionalidad, calidad de servicio sobre todo garantizando resultados y responsabilidades a precios asequibles, sin renunciar a la calidad de servicio en tiempo y trato.<\/p>\n      <\/div>\n\n    <\/div>\n\n   <div style=\"background-color:;height: 20px\" class=\"nicdark_section\"><\/div>\n\n    <div class=\"nd_options_section\">\n\n      <div class=\"nd_options_section nd_options_box_sizing_border_box\">\n        <p class=\"nd_options_toogle_title nd_options_first_font nd_options_font_size_17 nd_options_position_relative nd_options_padding_right_20 nd_options_padding_top_5 nd_options_padding_left_45 nd_options_padding_bottom_5\">\n          <span style=\"background-color:#ecbabe\" class=\"nd_options_cursor_pointer nd_options_text_align_center nd_options_toogle_title_open_619 nd_options_width_25 nd_options_height_25  nd_options_position_absolute nd_options_top_0 nd_options_left_0\">\n            <img decoding=\"async\" alt=\"\" class=\"nd_options_margin_top_6\" width=\"12\" src=\"https:\/\/trinijurado.com\/wp-content\/plugins\/nd-shortcodes\/shortcodes\/custom\/toogle\/icon-add-white.png\">\n          <\/span> \n          <span style=\"background-color:#ecbabe\" class=\"nd_options_cursor_pointer nd_options_text_align_center nd_options_toogle_title_close_619 nd_options_width_25 nd_options_display_none nd_options_height_25  nd_options_position_absolute nd_options_top_0 nd_options_left_0\">\n            <img decoding=\"async\" alt=\"\" class=\"nd_options_margin_top_6\" width=\"12\" src=\"https:\/\/trinijurado.com\/wp-content\/plugins\/nd-shortcodes\/shortcodes\/custom\/toogle\/icon-less-white.png\">\n          <\/span>\n          \u00bfComo reservar cita ?\n        <\/p>\n      <\/div>\n      \n      <div class=\"nd_options_display_none nd_options_padding_20 nd_options_padding_left_45 nd_options_toogle_content_619 nd_options_section nd_options_box_sizing_border_box\">\n        <p>Facilitamos atenci\u00f3n telef\u00f3nica 658 70 56 74 personalizada, r\u00e1pida y directa.<br \/>\nWasap.<br \/>\nMessenger.<br \/>\nCorreo electr\u00f3nico: info@trinijurado.com<\/p>\n      <\/div>\n\n    <\/div>\n\n   <div style=\"background-color:;height: 20px\" class=\"nicdark_section\"><\/div>\n\n    <div class=\"nd_options_section\">\n\n      <div class=\"nd_options_section nd_options_box_sizing_border_box\">\n        <p class=\"nd_options_toogle_title nd_options_first_font nd_options_font_size_17 nd_options_position_relative nd_options_padding_right_20 nd_options_padding_top_5 nd_options_padding_left_45 nd_options_padding_bottom_5\">\n          <span style=\"background-color:#ecbabe\" class=\"nd_options_cursor_pointer nd_options_text_align_center nd_options_toogle_title_open_976 nd_options_width_25 nd_options_height_25  nd_options_position_absolute nd_options_top_0 nd_options_left_0\">\n            <img decoding=\"async\" alt=\"\" class=\"nd_options_margin_top_6\" width=\"12\" src=\"https:\/\/trinijurado.com\/wp-content\/plugins\/nd-shortcodes\/shortcodes\/custom\/toogle\/icon-add-white.png\">\n          <\/span> \n          <span style=\"background-color:#ecbabe\" class=\"nd_options_cursor_pointer nd_options_text_align_center nd_options_toogle_title_close_976 nd_options_width_25 nd_options_display_none nd_options_height_25  nd_options_position_absolute nd_options_top_0 nd_options_left_0\">\n            <img decoding=\"async\" alt=\"\" class=\"nd_options_margin_top_6\" width=\"12\" src=\"https:\/\/trinijurado.com\/wp-content\/plugins\/nd-shortcodes\/shortcodes\/custom\/toogle\/icon-less-white.png\">\n          <\/span>\n          \u00bfQue tipos de terapias de masaje ofrecen ?\n        <\/p>\n      <\/div>\n      \n      <div class=\"nd_options_display_none nd_options_padding_20 nd_options_padding_left_45 nd_options_toogle_content_976 nd_options_section nd_options_box_sizing_border_box\">\n        <p>Masaje Terape\u00fatico.<br \/>\nMasaje Deportivo.<br \/>\nMasaje de Drenaje Linf\u00e1tico Manual.<br \/>\nMasaje Bienestar PSICO-F\u00cdSICO.<br \/>\nMasaje Bienestar PSICO-F\u00cdSICO.<\/p>\n      <\/div>\n\n    <\/div>\n\n   <div style=\"background-color:;height: 20px\" class=\"nicdark_section\"><\/div><\/div><\/div><\/div><div class=\"wpb_column vc_column_container vc_col-sm-5\"><div class=\"vc_column-inner vc_custom_1714647800691\"><div class=\"wpb_wrapper\"><div class=\"vc_row wpb_row vc_inner vc_row-fluid\"><div class=\"wpb_column vc_column_container vc_col-sm-12 vc_col-xs-4\/5 vc_col-has-fill\"><div class=\"vc_column-inner vc_custom_1714983607351\"><div class=\"wpb_wrapper\"><div style=\"background-color:;height: 10px\" class=\"nicdark_section\"><\/div> <h2 style=\"color:#1dafba;padding:px;text-align:center;font-size:25px;line-height:25px;letter-spacing: px;font-weight:normal\" class=\"nd_options_first_font\">Harremanetarako formularioa<\/h2> <div style=\"background-color:;height: 20px\" class=\"nicdark_section\"><\/div>\n\n    <!--start form-->\n    <div id=\"nd_options_shortcode_cf7_2451\" class=\"nd_options_section\">\n      \n      <div class=\"nd_options_section nd_options_box_sizing_border_box\">\n        \n<div class=\"wpcf7 no-js\" id=\"wpcf7-f2451-o1\" lang=\"es-ES\" dir=\"ltr\">\n<div class=\"screen-reader-response\"><p role=\"status\" aria-live=\"polite\" aria-atomic=\"true\"><\/p> <ul><\/ul><\/div>\n<form action=\"\/eus\/wp-json\/wp\/v2\/pages\/779#wpcf7-f2451-o1\" method=\"post\" class=\"wpcf7-form init\" aria-label=\"Harremanetarako formularioa\" novalidate=\"novalidate\" data-status=\"init\" data-trp-original-action=\"\/eus\/wp-json\/wp\/v2\/pages\/779#wpcf7-f2451-o1\">\n<input type=\"hidden\" name=\"_wpcf7\" value=\"2451\" \/><input type=\"hidden\" name=\"_wpcf7_version\" value=\"6.1.5\" \/><input type=\"hidden\" name=\"_wpcf7_locale\" value=\"es_ES\" \/><input type=\"hidden\" name=\"_wpcf7_unit_tag\" value=\"wpcf7-f2451-o1\" \/><input type=\"hidden\" name=\"_wpcf7_container_post\" value=\"0\" \/><input type=\"hidden\" name=\"_wpcf7_posted_data_hash\" value=\"\" \/><input type=\"hidden\" name=\"_wpcf7_recaptcha_response\" value=\"\" \/>\n\n<div class=\"wpcf7-response-output\" aria-hidden=\"true\"><\/div>\n<p><label> Nombre (requerido)<br \/>\n<span class=\"wpcf7-form-control-wrap\" data-name=\"your-name\"><input size=\"40\" class=\"wpcf7-form-control wpcf7-text wpcf7-validates-as-required\" aria-required=\"true\" aria-invalid=\"false\" value=\"\" type=\"text\" name=\"your-name\" \/><\/span> <\/label>\n<\/p>\n<p><label> Tu correo electr\u00f3nico (requerido)<br \/>\n<span class=\"wpcf7-form-control-wrap\" data-name=\"your-email\"><input size=\"40\" class=\"wpcf7-form-control wpcf7-email wpcf7-validates-as-required wpcf7-text wpcf7-validates-as-email\" aria-required=\"true\" aria-invalid=\"false\" value=\"\" type=\"email\" name=\"your-email\" \/><\/span> <\/label>\n<\/p>\n<p><label> Asunto<br \/>\n<span class=\"wpcf7-form-control-wrap\" data-name=\"your-subject\"><input size=\"40\" class=\"wpcf7-form-control wpcf7-text\" aria-invalid=\"false\" value=\"\" type=\"text\" name=\"your-subject\" \/><\/span> <\/label>\n<\/p>\n<p><label> Mensaje<br \/>\n<span class=\"wpcf7-form-control-wrap\" data-name=\"your-message\"><textarea cols=\"40\" rows=\"10\" class=\"wpcf7-form-control wpcf7-textarea\" aria-invalid=\"false\" name=\"your-message\"><\/textarea><\/span> <\/label>\n<\/p>\n<p><label> He le\u00eddo y Acepto la Pol\u00edtica de Privacidad.<br \/>\n<span class=\"wpcf7-form-control-wrap\" data-name=\"ck-leido\"><span class=\"wpcf7-form-control wpcf7-acceptance optional\"><span class=\"wpcf7-list-item\"><input type=\"checkbox\" name=\"ck-leido\" value=\"1\" aria-invalid=\"false\" \/><\/span><\/span><\/span><br \/>\n<\/label>\n<\/p>\n<p><label>Autorizo que mis datos sean incluidos en un fichero de clientes para ofrecerle productos y servicios relacionados con los solicitados y fidelizarle como cliente.<br \/>\n<span class=\"wpcf7-form-control-wrap\" data-name=\"ck-autorizo\"><span class=\"wpcf7-form-control wpcf7-acceptance optional\"><span class=\"wpcf7-list-item\"><input type=\"checkbox\" name=\"ck-autorizo\" value=\"1\" aria-invalid=\"false\" \/><\/span><\/span><\/span><br \/>\n<\/label>\n<\/p>\n<p><input class=\"wpcf7-form-control wpcf7-submit has-spinner\" type=\"submit\" value=\"Enviar\" \/>\n<\/p>\n<input type=\"hidden\" name=\"trp-form-language\" value=\"eus\"\/><\/form>\n<\/div>\n \n      <\/div>  \n\n    <\/div>\n    <!--end form-->\n\n   <\/div><\/div><\/div><\/div><div class=\"vc_row wpb_row vc_inner vc_row-fluid vc_custom_1490857696496 vc_row-has-fill\"><div class=\"wpb_column vc_column_container vc_col-sm-12 vc_col-has-fill\"><div class=\"vc_column-inner vc_custom_1486116413838\"><div class=\"wpb_wrapper\"> <h5 style=\"color:#ffffff;padding:px;text-align:center;font-size:px;line-height:px;letter-spacing: 3px;font-weight:bold\" class=\"nd_options_second_font\">TIENDA ONLINE<\/h5> <div style=\"background-color:;height: 10px\" class=\"nicdark_section\"><\/div> <h2 style=\"color:#ffffff;padding:px;text-align:center;font-size:25px;line-height:25px;letter-spacing: px;font-weight:normal\" class=\"nd_options_first_font\">Productos 100% naturales<\/h2> <\/div><\/div><\/div><\/div><div class=\"vc_row wpb_row vc_inner vc_row-fluid vc_custom_1486116867767 vc_row-has-fill\"><div class=\"wpb_column vc_column_container vc_col-sm-12 vc_col-has-fill\"><div class=\"vc_column-inner vc_custom_1486116677491\"><div class=\"wpb_wrapper\"> <h5 style=\"color:#ffffff;padding:px;text-align:center;font-size:px;line-height:px;letter-spacing: 3px;font-weight:bold\" class=\"nd_options_second_font\">MASAJE TERAPIAK<\/h5> <div style=\"background-color:;height: 10px\" class=\"nicdark_section\"><\/div> <h2 style=\"color:#ffffff;padding:px;text-align:center;font-size:25px;line-height:25px;letter-spacing: px;font-weight:normal\" class=\"nd_options_first_font\">Para tu salud y bienestar<\/h2> <\/div><\/div><\/div><\/div><\/div><\/div><\/div><\/div><section class=\"vc_section\"><div class=\"vc_row wpb_row vc_row-fluid\"><div class=\"wpb_column vc_column_container vc_col-sm-12 vc_hidden-md vc_hidden-sm vc_col-xs-1 vc_hidden-xs\"><div class=\"vc_column-inner vc_custom_1714661460746\"><div class=\"wpb_wrapper\">\n    <div style=\"text-align:center\" class=\"nd_options_section\">\n      <img decoding=\"async\" alt=\"\" style=\"width:45%\" class=\"nd_options_margin_0 nd_options_padding_0\" src=\"https:\/\/trinijurado.com\/wp-content\/uploads\/2024\/04\/kit-digital-logo-removebg-preview-1024x147.png\">\n    <\/div>\n   <\/div><\/div><\/div><\/div><div class=\"vc_row wpb_row vc_row-fluid\"><div class=\"wpb_column vc_column_container vc_col-sm-12 vc_hidden-lg vc_hidden-md vc_hidden-sm vc_col-xs-12\"><div class=\"vc_column-inner vc_custom_1714661629161\"><div class=\"wpb_wrapper\">\n    <div style=\"text-align:center\" class=\"nd_options_section\">\n      <img decoding=\"async\" alt=\"\" style=\"width:100%\" class=\"nd_options_margin_0 nd_options_padding_0\" src=\"https:\/\/trinijurado.com\/wp-content\/uploads\/2024\/04\/kit-digital-logo-removebg-preview-1024x147.png\">\n    <\/div>\n   <\/div><\/div><\/div><\/div><\/section>\n<\/div>","protected":false},"excerpt":{"rendered":"Con m\u00e1s de 15 a\u00f1os de trayectoria profesional en el campo de la Est\u00e9tica y 25 en el de Terapias de Masajes Terap\u00e9utico, Deportivo, Drenaje Linf\u00e1tico y Anti-estres,\u00a0 TRINI JURADO, ha ido adquiriendo conocimientos que le han llevado a valorar, entre otras cosas, la importancia del Equilibrio de la Salud F\u00edsica y Mental, dando m\u00e1s [...]","protected":false},"author":1,"featured_media":0,"parent":0,"menu_order":0,"comment_status":"closed","ping_status":"closed","template":"","meta":{"footnotes":""},"class_list":["post-779","page","type-page","status-publish","hentry"],"_links":{"self":[{"href":"https:\/\/trinijurado.com\/eus\/wp-json\/wp\/v2\/pages\/779","targetHints":{"allow":["GET"]}}],"collection":[{"href":"https:\/\/trinijurado.com\/eus\/wp-json\/wp\/v2\/pages"}],"about":[{"href":"https:\/\/trinijurado.com\/eus\/wp-json\/wp\/v2\/types\/page"}],"author":[{"embeddable":true,"href":"https:\/\/trinijurado.com\/eus\/wp-json\/wp\/v2\/users\/1"}],"replies":[{"embeddable":true,"href":"https:\/\/trinijurado.com\/eus\/wp-json\/wp\/v2\/comments?post=779"}],"version-history":[{"count":90,"href":"https:\/\/trinijurado.com\/eus\/wp-json\/wp\/v2\/pages\/779\/revisions"}],"predecessor-version":[{"id":2786,"href":"https:\/\/trinijurado.com\/eus\/wp-json\/wp\/v2\/pages\/779\/revisions\/2786"}],"wp:attachment":[{"href":"https:\/\/trinijurado.com\/eus\/wp-json\/wp\/v2\/media?parent=779"}],"curies":[{"name":"wp","href":"https:\/\/api.w.org\/{rel}","templated":true}]}}