{"id":519,"date":"2017-01-30T15:08:44","date_gmt":"2017-01-30T14:08:44","guid":{"rendered":"http:\/\/www.nicdarkthemes.com\/themes\/beauty\/wp\/demo\/beauty-salon\/?page_id=519"},"modified":"2024-05-02T17:02:11","modified_gmt":"2024-05-02T15:02:11","slug":"terapias-de-masaje","status":"publish","type":"page","link":"https:\/\/trinijurado.com\/eus\/terapias-de-masaje\/","title":{"rendered":"Terapias de masaje"},"content":{"rendered":"<div class=\"wpb-content-wrapper\"><div class=\"vc_row wpb_row vc_row-fluid vc_custom_1485790529267\"><div class=\"wpb_column vc_column_container vc_col-sm-12\"><div class=\"vc_column-inner vc_custom_1486118015473\"><div class=\"wpb_wrapper\">\n\t<div class=\"wpb_text_column wpb_content_element\" >\n\t\t<div class=\"wpb_wrapper\">\n\t\t\t<h2 style=\"text-align: center;\"><strong>\u00a0<\/strong><strong><span style=\"color: #ecbabe;\">\u00abPor que tu salud es importante\u00bb<\/span><\/strong><\/h2>\n\n\t\t<\/div>\n\t<\/div>\n<div class=\"vc_empty_space\"   style=\"height: 32px\"><span class=\"vc_empty_space_inner\"><\/span><\/div>\n\t<div class=\"wpb_text_column wpb_content_element\" >\n\t\t<div class=\"wpb_wrapper\">\n\t\t\t<h3>Ponemos a tu alcance una amplia L\u00ednea de Masajes, un recurso de \u201cTERAPIA NATURAL CONTRA EL DOLOR\u201d con la posibilidad de combinar todos los Tratamientos con Aparatolog\u00eda de \u00faltima generaci\u00f3n.<\/h3>\n<p>&nbsp;<\/p>\n<h3>Todas nuestras Terapias de Masaje se realizan con productos saludables y naturales BIO certificados, personalizados, cuidando cada detalle, Temperaturas, t\u00e9cnicas de manipulaciones expertas, calor terap\u00e9utico, fragancias, musicoterapia, proporcionando un ambiente adecuado que garanticen los mejores resultados.<\/h3>\n\n\t\t<\/div>\n\t<\/div>\n<div class=\"vc_empty_space\"   style=\"height: 32px\"><span class=\"vc_empty_space_inner\"><\/span><\/div>\n\t<div class=\"wpb_text_column wpb_content_element\" >\n\t\t<div class=\"wpb_wrapper\">\n\t\t\t<h2 style=\"text-align: center;\"><strong>\u00a0<\/strong><strong><span style=\"color: #ecbabe;\">\u00ab\u2026centr\u00e1ndonos en tu Bienestar y cuid\u00e1ndote SALUD, CUERPO Y MENTE\u00bb<\/span><\/strong><\/h2>\n\n\t\t<\/div>\n\t<\/div>\n<div class=\"vc_empty_space\"   style=\"height: 32px\"><span class=\"vc_empty_space_inner\"><\/span><\/div><!--START MASONRY--><div class=\"nd_options_section nd_options_masonry_content\">\n\n\t<div class=\"nd_options_width_33_percentage nd_options_float_left nd_options_padding_15 nd_options_box_sizing_border_box nd_options_masonry_item nd_options_width_100_percentage_responsive\">\n\n        <div class=\"nd_options_section nd_options_text_align_center\">\n            \n        \t<img decoding=\"async\" alt=\"\" class=\"nd_options_section\" src=\"https:\/\/trinijurado.com\/wp-content\/uploads\/2017\/01\/focus-8.jpg\">\n\n            <div class=\"nd_options_section nd_options_height_30\"><\/div>                \n            <h5 class=\"nd_options_text_transform_uppercase nd_options_color_grey nd_options_font_size_12 nd_options_font_weight_lighter nd_options_second_font nd_options_letter_spacing_3\">Terapias de masaje<\/h5>\n            <div class=\"nd_options_section nd_options_height_10\"><\/div>\n            <h2>Masajes Bienestar PSICO-F\u00cdSICOS<\/h2>\n            <p class=\"nd_options_padding_20\">T\u00e9cnica de masaje relajante para descargar la mente y el cuerpo de las tensiones cotidianas, labores, socio-familiares\u2026 <\/p>\n            <div class=\"nd_options_display_inline_block\">\n\n                <div class=\"nd_options_display_table_cell nd_options_vertical_align_middle\">\n                \t<a style=\"background-color: #82d1d4\" class=\"nd_options_display_inline_block nd_options_font_size_13 nd_options_text_align_center nd_options_box_sizing_border_box  nd_options_color_white nd_options_first_font nd_options_padding_8_12 nd_options_border_radius_20\" href=\"https:\/\/trinijurado.com\/eus\/masaje-bienestar-psico-fisico\/\">READ MORE<\/a>\n                <\/div>\n\n            <\/div>\n\n            <div class=\"nd_options_section nd_options_height_20\"><\/div>\n        <\/div>\n\t \n\t<\/div>\n\n\n  \n\n\t<div class=\"nd_options_width_33_percentage nd_options_float_left nd_options_padding_15 nd_options_box_sizing_border_box nd_options_masonry_item nd_options_width_100_percentage_responsive\">\n\n        <div class=\"nd_options_section nd_options_text_align_center\">\n            \n        \t<img decoding=\"async\" alt=\"\" class=\"nd_options_section\" src=\"https:\/\/trinijurado.com\/wp-content\/uploads\/2017\/02\/treatment-6.jpg\">\n\n            <div class=\"nd_options_section nd_options_height_30\"><\/div>                \n            <h5 class=\"nd_options_text_transform_uppercase nd_options_color_grey nd_options_font_size_12 nd_options_font_weight_lighter nd_options_second_font nd_options_letter_spacing_3\">Terapias de masaje<\/h5>\n            <div class=\"nd_options_section nd_options_height_10\"><\/div>\n            <h2>Terap\u00e9utico<\/h2>\n            <p class=\"nd_options_padding_20\">Un recurso de TERAPIA NATURAL CONTRA EL DOLOR. <\/p>\n            <div class=\"nd_options_display_inline_block\">\n\n                <div class=\"nd_options_display_table_cell nd_options_vertical_align_middle\">\n                \t<a style=\"background-color: #82d1d4\" class=\"nd_options_display_inline_block nd_options_font_size_13 nd_options_text_align_center nd_options_box_sizing_border_box  nd_options_color_white nd_options_first_font nd_options_padding_8_12 nd_options_border_radius_20\" href=\"https:\/\/trinijurado.com\/eus\/terapeutico\/\">READ MORE<\/a>\n                <\/div>\n\n            <\/div>\n\n            <div class=\"nd_options_section nd_options_height_20\"><\/div>\n        <\/div>\n\t \n\t<\/div>\n\n\n  \n\n\t<div class=\"nd_options_width_33_percentage nd_options_float_left nd_options_padding_15 nd_options_box_sizing_border_box nd_options_masonry_item nd_options_width_100_percentage_responsive\">\n\n        <div class=\"nd_options_section nd_options_text_align_center\">\n            \n        \t<img decoding=\"async\" alt=\"\" class=\"nd_options_section\" src=\"https:\/\/trinijurado.com\/wp-content\/uploads\/2017\/01\/parallax-2-1024x683.jpg\">\n\n            <div class=\"nd_options_section nd_options_height_30\"><\/div>                \n            <h5 class=\"nd_options_text_transform_uppercase nd_options_color_grey nd_options_font_size_12 nd_options_font_weight_lighter nd_options_second_font nd_options_letter_spacing_3\">Terapias de masaje<\/h5>\n            <div class=\"nd_options_section nd_options_height_10\"><\/div>\n            <h2>Deportivo<\/h2>\n            <p class=\"nd_options_padding_20\">Es una t\u00e9cnica de masaje m\u00e1s profundo e intenso, teniendo como finalidad disminuir la fatiga muscular, eliminar toxinas, realinear las fibras musculares y tejido blando da\u00f1ado.<\/p>\n            <div class=\"nd_options_display_inline_block\">\n\n                <div class=\"nd_options_display_table_cell nd_options_vertical_align_middle\">\n                \t<a style=\"background-color: #56b9bd\" class=\"nd_options_display_inline_block nd_options_font_size_13 nd_options_text_align_center nd_options_box_sizing_border_box  nd_options_color_white nd_options_first_font nd_options_padding_8_12 nd_options_border_radius_20\" href=\"https:\/\/trinijurado.com\/eus\/deportivo\/\">READ MORE<\/a>\n                <\/div>\n\n            <\/div>\n\n            <div class=\"nd_options_section nd_options_height_20\"><\/div>\n        <\/div>\n\t \n\t<\/div>\n\n\n  \n\n\t<div class=\"nd_options_width_33_percentage nd_options_float_left nd_options_padding_15 nd_options_box_sizing_border_box nd_options_masonry_item nd_options_width_100_percentage_responsive\">\n\n        <div class=\"nd_options_section nd_options_text_align_center\">\n            \n        \t<img decoding=\"async\" alt=\"\" class=\"nd_options_section\" src=\"https:\/\/trinijurado.com\/wp-content\/uploads\/revslider\/home-5\/parallax-3-1024x683.jpg\">\n\n            <div class=\"nd_options_section nd_options_height_30\"><\/div>                \n            <h5 class=\"nd_options_text_transform_uppercase nd_options_color_grey nd_options_font_size_12 nd_options_font_weight_lighter nd_options_second_font nd_options_letter_spacing_3\">Terapias de masaje<\/h5>\n            <div class=\"nd_options_section nd_options_height_10\"><\/div>\n            <h2>Drenaje Linf\u00e1tico Manual<\/h2>\n            <p class=\"nd_options_padding_20\">Es una t\u00e9cnica que mejora de manera general el estado de la salud, ya que nuestro sistema linf\u00e1tico colabora estrechamente con nuestro sistema inmunitario. <\/p>\n            <div class=\"nd_options_display_inline_block\">\n\n                <div class=\"nd_options_display_table_cell nd_options_vertical_align_middle\">\n                \t<a style=\"background-color: #82d1d4\" class=\"nd_options_display_inline_block nd_options_font_size_13 nd_options_text_align_center nd_options_box_sizing_border_box  nd_options_color_white nd_options_first_font nd_options_padding_8_12 nd_options_border_radius_20\" href=\"https:\/\/trinijurado.com\/eus\/drenaje-linfatico-manual\/\">READ MORE<\/a>\n                <\/div>\n\n            <\/div>\n\n            <div class=\"nd_options_section nd_options_height_20\"><\/div>\n        <\/div>\n\t \n\t<\/div>\n\n\n  <\/div><!--CLOSE MASONRY--><div class=\"vc_empty_space\"   style=\"height: 32px\"><span class=\"vc_empty_space_inner\"><\/span><\/div>\n\t<div class=\"wpb_text_column wpb_content_element\" >\n\t\t<div class=\"wpb_wrapper\">\n\t\t\t<h2 style=\"text-align: center;\"><strong>Beneficios del Masaje<\/strong><\/h2>\n\n\t\t<\/div>\n\t<\/div>\n<div class=\"vc_empty_space\"   style=\"height: 32px\"><span class=\"vc_empty_space_inner\"><\/span><\/div><\/div><\/div><\/div><\/div><div class=\"vc_row wpb_row vc_row-fluid\"><div class=\"wpb_column vc_column_container vc_col-sm-3\"><div class=\"vc_column-inner\"><div class=\"wpb_wrapper\">\n\t<div class=\"wpb_text_column wpb_content_element\" >\n\t\t<div class=\"wpb_wrapper\">\n\t\t\t<p><strong>*Mejora el tono muscular favoreciendo la flexibilidad de los tejidos y eliminando la tensi\u00f3n muscular, los espasmos musculares y las contracturas.<\/strong><\/p>\n<p><strong>*Aplicado con cierta regularidad, alivia o reduce el dolor del cuerpo en general, la fatiga f\u00edsica y mental,<\/strong> osasuna berreskuratzen eta mantentzen lagunduz.<\/p>\n<p><strong>*Ayuda a la recuperaci\u00f3n de procesos patol\u00f3gicos<\/strong> como artrosis, reumas, ci\u00e1ticas, cervicalgias, lumbagos\u2026 mejorando la circulaci\u00f3n y la movilidad de los tejidos da\u00f1ados.<\/p>\n\n\t\t<\/div>\n\t<\/div>\n<\/div><\/div><\/div><div class=\"wpb_column vc_column_container vc_col-sm-3\"><div class=\"vc_column-inner\"><div class=\"wpb_wrapper\">\n\t<div class=\"wpb_text_column wpb_content_element\" >\n\t\t<div class=\"wpb_wrapper\">\n\t\t\t<p>*<strong>Al estimular el flujo de la sangre y la linfa influye ayudando en los procesos de adelgazamiento<\/strong>, eliminando grasa corporal y toxinas, aumentando la funci\u00f3n desintoxicante de los \u00f3rganos y los m\u00fasculos <strong>y fortaleciendo nuestro sistema inmunitario.<\/strong><\/p>\n<p><strong>*Reduce el riesgo de padecer dolores de cabeza, migra\u00f1as, dolores de espalda y lesiones musculares<\/strong>.<\/p>\n\n\t\t<\/div>\n\t<\/div>\n<\/div><\/div><\/div><div class=\"wpb_column vc_column_container vc_col-sm-3\"><div class=\"vc_column-inner\"><div class=\"wpb_wrapper\">\n\t<div class=\"wpb_text_column wpb_content_element\" >\n\t\t<div class=\"wpb_wrapper\">\n\t\t\t<p>*<strong>Alivia los dolores de espalda, estimula la digesti\u00f3n, ayuda a detener el avance de la calvicie, reduce las hinchazones<\/strong> y alivia las extremidades al ayudar a la circulaci\u00f3n de retorno de piernas y brazos.<\/p>\n<p>*<strong>Ayuda a liberar endorfinas<\/strong> que nos dan una sensaci\u00f3n de bienestar, combatiendo el dolor <strong>reduciendo la necesidad de ingerir calmantes en m\u00e1s de un 30%.<\/strong><\/p>\n\n\t\t<\/div>\n\t<\/div>\n<\/div><\/div><\/div><div class=\"wpb_column vc_column_container vc_col-sm-3\"><div class=\"vc_column-inner\"><div class=\"wpb_wrapper\">\n\t<div class=\"wpb_text_column wpb_content_element\" >\n\t\t<div class=\"wpb_wrapper\">\n\t\t\t<p>*<strong>Ayuda a reducir el estr\u00e9s,<\/strong> consiguiendo liberar gran parte de las tensiones acumuladas, produciendo sensaci\u00f3n de Bienestar, Equilibrio y Serenidad. Recordamos que 2\/3 partes de las enfermedades est\u00e1n relacionadas con el estr\u00e9s.<\/p>\n<p><strong>*Reduce la tensi\u00f3n arterial.\u00a0<\/strong>En definitiva, es <strong>una Terapia Natural que aplicando con cierta regularidad le proporciona Salud y Bienestar,<\/strong> garantiz\u00e1ndole una <strong>mejor calidad de vida.<\/strong><\/p>\n\n\t\t<\/div>\n\t<\/div>\n<\/div><\/div><\/div><\/div><div class=\"vc_row wpb_row vc_row-fluid\"><div class=\"wpb_column vc_column_container vc_col-sm-12\"><div class=\"vc_column-inner\"><div class=\"wpb_wrapper\"><div class=\"vc_empty_space\"   style=\"height: 32px\"><span class=\"vc_empty_space_inner\"><\/span><\/div><\/div><\/div><\/div><\/div><section class=\"vc_section\"><div class=\"vc_row wpb_row vc_row-fluid\"><div class=\"wpb_column vc_column_container vc_col-sm-12 vc_hidden-md vc_hidden-sm vc_col-xs-1 vc_hidden-xs\"><div class=\"vc_column-inner vc_custom_1714661460746\"><div class=\"wpb_wrapper\">\n    <div style=\"text-align:center\" class=\"nd_options_section\">\n      <img decoding=\"async\" alt=\"\" style=\"width:45%\" class=\"nd_options_margin_0 nd_options_padding_0\" src=\"https:\/\/trinijurado.com\/wp-content\/uploads\/2024\/04\/kit-digital-logo-removebg-preview-1024x147.png\">\n    <\/div>\n   <\/div><\/div><\/div><\/div><div class=\"vc_row wpb_row vc_row-fluid\"><div class=\"wpb_column vc_column_container vc_col-sm-12 vc_hidden-lg vc_hidden-md vc_hidden-sm vc_col-xs-12\"><div class=\"vc_column-inner vc_custom_1714661629161\"><div class=\"wpb_wrapper\">\n    <div style=\"text-align:center\" class=\"nd_options_section\">\n      <img decoding=\"async\" alt=\"\" style=\"width:100%\" class=\"nd_options_margin_0 nd_options_padding_0\" src=\"https:\/\/trinijurado.com\/wp-content\/uploads\/2024\/04\/kit-digital-logo-removebg-preview-1024x147.png\">\n    <\/div>\n   <\/div><\/div><\/div><\/div><\/section>\n<\/div>","protected":false},"excerpt":{"rendered":"ES una T\u00e9cnica que mejora de manera general el estado de la salud, ya que nuestro sistema linf\u00e1tico colabora estrechamente con nuestro sistema inmunitario. Sus beneficios son m\u00faltiples y se utiliza en el tratamiento para varices, fibromialgia, acn\u00e9, celulitis, piernas cansadas o hinchadas, artrosis, artritis, hematomas, hipertensi\u00f3n, ansiedad, stress. Depura el organismo y mejora enormemente [...]","protected":false},"author":1,"featured_media":0,"parent":0,"menu_order":0,"comment_status":"closed","ping_status":"closed","template":"","meta":{"footnotes":""},"class_list":["post-519","page","type-page","status-publish","hentry"],"_links":{"self":[{"href":"https:\/\/trinijurado.com\/eus\/wp-json\/wp\/v2\/pages\/519","targetHints":{"allow":["GET"]}}],"collection":[{"href":"https:\/\/trinijurado.com\/eus\/wp-json\/wp\/v2\/pages"}],"about":[{"href":"https:\/\/trinijurado.com\/eus\/wp-json\/wp\/v2\/types\/page"}],"author":[{"embeddable":true,"href":"https:\/\/trinijurado.com\/eus\/wp-json\/wp\/v2\/users\/1"}],"replies":[{"embeddable":true,"href":"https:\/\/trinijurado.com\/eus\/wp-json\/wp\/v2\/comments?post=519"}],"version-history":[{"count":44,"href":"https:\/\/trinijurado.com\/eus\/wp-json\/wp\/v2\/pages\/519\/revisions"}],"predecessor-version":[{"id":2763,"href":"https:\/\/trinijurado.com\/eus\/wp-json\/wp\/v2\/pages\/519\/revisions\/2763"}],"wp:attachment":[{"href":"https:\/\/trinijurado.com\/eus\/wp-json\/wp\/v2\/media?parent=519"}],"curies":[{"name":"wp","href":"https:\/\/api.w.org\/{rel}","templated":true}]}}