{"id":2242,"date":"2017-05-05T14:56:27","date_gmt":"2017-05-05T12:56:27","guid":{"rendered":"http:\/\/trinijurado.com\/?page_id=2242"},"modified":"2024-05-02T16:59:51","modified_gmt":"2024-05-02T14:59:51","slug":"nuestros-compromisos","status":"publish","type":"page","link":"https:\/\/trinijurado.com\/eus\/conocenos\/nuestros-compromisos\/","title":{"rendered":"Nuestros Compromisos"},"content":{"rendered":"<div class=\"wpb-content-wrapper\"><div class=\"vc_row wpb_row vc_row-fluid\"><div class=\"wpb_column vc_column_container vc_col-sm-12\"><div class=\"vc_column-inner\"><div class=\"wpb_wrapper\">\n\t<div class=\"wpb_text_column wpb_content_element\" >\n\t\t<div class=\"wpb_wrapper\">\n\t\t\t<h1>Cuatro compromisos concretan nuestros valores<\/h1>\n<p>&nbsp;<\/p>\n<p><em><strong><span class=\"b\">Primer compromiso : la naturalidad y la ecolog\u00eda<\/span><\/strong><\/em><\/p>\n<p>&#8211; M\u00e1xima cantidad de productos con certificado ecol\u00f3gico,<\/p>\n<p>&#8211; \u00a0Respeto de la m\u00e1xima naturalidad para los cosm\u00e9ticos y complementos alimenticios,<\/p>\n<p>&#8211; \u00a0Selecci\u00f3n y utilizaci\u00f3n de la m\u00e1xima cantidad de ingredientes vegetales con certificado ecol\u00f3gico en las f\u00f3rmulas,<\/p>\n<p>&#8211; \u00a0Compromiso para favorecer el desarrollo de una Agricultura Ecol\u00f3gica sin pesticidas ni ingredientes qu\u00edmicos de s\u00edntesis.<\/p>\n<p><em><strong>Segundo compromiso : la responsabilidad social<\/strong><\/em><\/p>\n<p>&#8211; Concepci\u00f3n y fabricaci\u00f3n de todos los productos en Francia,<\/p>\n<p>&#8211; Compromiso en beneficio del empleo local, la defensa del marco de vida, el mantenimiento de una actividad agr\u00edcola reorientada al sector ecol\u00f3gico,<\/p>\n<p>&#8211; La m\u00e1xima cantidad de materias primas vegetales sostenibles : manteca de karit\u00e9 de Burkina Faso.<\/p>\n<p><em><strong>Tercer compromiso : la responsabilidad medioambiental<\/strong><\/em><\/p>\n<p>&#8211; Cosm\u00e9ticos naturales sin PEG, silicona, bisfenol A; en general sin colorantes ni conservantes de s\u00edntesis,<\/p>\n<p>&#8211; Protecci\u00f3n del medio ambiente: no se utiliza cloro para limpiar las m\u00e1quinas, no se realizan vertidos incontrolados, gesti\u00f3n de residuos y reciclaje selectivo,<\/p>\n<p>&#8211; Contenedores reciclables o biodegradables,<\/p>\n<p>&#8211; Protecci\u00f3n del espacio natural: papel procedente de bosques gestionados de un modo sostenible (certificaci\u00f3n PEFC), creaci\u00f3n de parcelas agroforestales\u00a0 ecol\u00f3gicas e implicaci\u00f3n en la protecci\u00f3n del medio natural.<\/p>\n<p>&#8211; Mantenimiento de la biodiversidad: rechazo a utilizar cualquier materia vegetal cuya supervivencia no est\u00e9 garantizada y acciones para el desarrollo de las abejas polinizadoras.<\/p>\n<p><em><strong>Cuarto compromiso : la responsabilidad social<\/strong><\/em><\/p>\n<p>&#8211; El ser humano est\u00e1 en el centro de nuestras preocupaciones: personalizaci\u00f3n de los tratamientos, asesoramiento, formaci\u00f3n,<\/p>\n<p>&#8211; Compromiso para favorecer la diversidad, la integraci\u00f3n y la igualdad de oportunidades: asociaci\u00f3n con establecimientos para trabajadores discapacitados,<\/p>\n<p>&#8211; Grupo inscrito en una din\u00e1mica de toma de conciencia, b\u00fasqueda de valores, b\u00fasqueda de sentido: priman la naturalidad, la seguridad, la eficacia de nuestros productos ante cualquier otra consideraci\u00f3n.<\/p>\n\n\t\t<\/div>\n\t<\/div>\n<\/div><\/div><\/div><\/div><section class=\"vc_section\"><div class=\"vc_row wpb_row vc_row-fluid\"><div class=\"wpb_column vc_column_container vc_col-sm-12 vc_hidden-md vc_hidden-sm vc_col-xs-1 vc_hidden-xs\"><div class=\"vc_column-inner vc_custom_1714661460746\"><div class=\"wpb_wrapper\">\n    <div style=\"text-align:center\" class=\"nd_options_section\">\n      <img decoding=\"async\" alt=\"\" style=\"width:45%\" class=\"nd_options_margin_0 nd_options_padding_0\" src=\"https:\/\/trinijurado.com\/wp-content\/uploads\/2024\/04\/kit-digital-logo-removebg-preview-1024x147.png\">\n    <\/div>\n   <\/div><\/div><\/div><\/div><div class=\"vc_row wpb_row vc_row-fluid\"><div class=\"wpb_column vc_column_container vc_col-sm-12 vc_hidden-lg vc_hidden-md vc_hidden-sm vc_col-xs-12\"><div class=\"vc_column-inner vc_custom_1714661629161\"><div class=\"wpb_wrapper\">\n    <div style=\"text-align:center\" class=\"nd_options_section\">\n      <img decoding=\"async\" alt=\"\" style=\"width:100%\" class=\"nd_options_margin_0 nd_options_padding_0\" src=\"https:\/\/trinijurado.com\/wp-content\/uploads\/2024\/04\/kit-digital-logo-removebg-preview-1024x147.png\">\n    <\/div>\n   <\/div><\/div><\/div><\/div><\/section>\n<\/div>","protected":false},"excerpt":{"rendered":"Cuatro compromisos concretan nuestros valores &nbsp; Primer compromiso : la naturalidad y la ecolog\u00eda - M\u00e1xima cantidad de productos con certificado ecol\u00f3gico, - \u00a0Respeto de la m\u00e1xima naturalidad para los cosm\u00e9ticos y complementos alimenticios, - \u00a0Selecci\u00f3n y utilizaci\u00f3n de la m\u00e1xima cantidad de ingredientes vegetales con certificado ecol\u00f3gico en las f\u00f3rmulas, - \u00a0Compromiso para favorecer [...]","protected":false},"author":1,"featured_media":0,"parent":779,"menu_order":0,"comment_status":"closed","ping_status":"closed","template":"","meta":{"footnotes":""},"class_list":["post-2242","page","type-page","status-publish","hentry"],"_links":{"self":[{"href":"https:\/\/trinijurado.com\/eus\/wp-json\/wp\/v2\/pages\/2242","targetHints":{"allow":["GET"]}}],"collection":[{"href":"https:\/\/trinijurado.com\/eus\/wp-json\/wp\/v2\/pages"}],"about":[{"href":"https:\/\/trinijurado.com\/eus\/wp-json\/wp\/v2\/types\/page"}],"author":[{"embeddable":true,"href":"https:\/\/trinijurado.com\/eus\/wp-json\/wp\/v2\/users\/1"}],"replies":[{"embeddable":true,"href":"https:\/\/trinijurado.com\/eus\/wp-json\/wp\/v2\/comments?post=2242"}],"version-history":[{"count":11,"href":"https:\/\/trinijurado.com\/eus\/wp-json\/wp\/v2\/pages\/2242\/revisions"}],"predecessor-version":[{"id":2758,"href":"https:\/\/trinijurado.com\/eus\/wp-json\/wp\/v2\/pages\/2242\/revisions\/2758"}],"up":[{"embeddable":true,"href":"https:\/\/trinijurado.com\/eus\/wp-json\/wp\/v2\/pages\/779"}],"wp:attachment":[{"href":"https:\/\/trinijurado.com\/eus\/wp-json\/wp\/v2\/media?parent=2242"}],"curies":[{"name":"wp","href":"https:\/\/api.w.org\/{rel}","templated":true}]}}